{"id":187,"date":"2020-10-06T11:06:25","date_gmt":"2020-10-06T09:06:25","guid":{"rendered":"https:\/\/go-scan.me\/procedure-dinstallation\/"},"modified":"2020-10-06T11:06:27","modified_gmt":"2020-10-06T09:06:27","slug":"procedure-dinstallation","status":"publish","type":"page","link":"https:\/\/go-scan.me\/fr\/procedure-dinstallation\/","title":{"rendered":"Proc\u00e9dure d&rsquo;installation"},"content":{"rendered":"<p>[et_pb_section fb_built=\u00a0\u00bb1&Prime; _builder_version=\u00a0\u00bb4.5.1&Prime; _module_preset=\u00a0\u00bbdefault\u00a0\u00bb background_color=\u00a0\u00bb#f8fbfe\u00a0\u00bb use_background_color_gradient=\u00a0\u00bbon\u00a0\u00bb background_color_gradient_start=\u00a0\u00bb#53a0fd\u00a0\u00bb background_color_gradient_end=\u00a0\u00bb#4161d4&Prime; background_color_gradient_direction=\u00a0\u00bb135deg\u00a0\u00bb background_image=\u00a0\u00bbhttps:\/\/go-scan.me\/wp-content\/uploads\/2020\/04\/geometric-bg-overlay-01.jpg\u00a0\u00bb background_blend=\u00a0\u00bboverlay\u00a0\u00bb custom_padding=\u00a0\u00bb3.1%|0px||0px||\u00a0\u00bb animation_style=\u00a0\u00bbzoom\u00a0\u00bb animation_direction=\u00a0\u00bbbottom\u00a0\u00bb animation_intensity_zoom=\u00a0\u00bb8%\u00a0\u00bb animation_starting_opacity=\u00a0\u00bb100%\u00a0\u00bb box_shadow_style=\u00a0\u00bbpreset7&Prime; box_shadow_horizontal=\u00a0\u00bb0px\u00a0\u00bb box_shadow_vertical=\u00a0\u00bb-200px\u00a0\u00bb box_shadow_color=\u00a0\u00bb#F8FBFE\u00a0\u00bb][et_pb_row _builder_version=\u00a0\u00bb4.5.1&Prime; _module_preset=\u00a0\u00bbdefault\u00a0\u00bb hover_enabled=\u00a0\u00bb0&Prime;][et_pb_column type=\u00a0\u00bb4_4&Prime; _builder_version=\u00a0\u00bb4.5.1&Prime; _module_preset=\u00a0\u00bbdefault\u00a0\u00bb hover_enabled=\u00a0\u00bb0&Prime; background_color=\u00a0\u00bbrgba(255,255,255,0.81)\u00a0\u00bb box_shadow_style=\u00a0\u00bbpreset1&Prime; custom_padding=\u00a0\u00bb20px|20px|20px|20px|true|true\u00a0\u00bb][et_pb_text _builder_version=\u00a0\u00bb4.5.1&Prime; _module_preset=\u00a0\u00bbdefault\u00a0\u00bb hover_enabled=\u00a0\u00bb0&Prime;]<\/p>\n<h2>Proc\u00e9dure d&rsquo;installation<\/h2>\n<p><b>Windows 10<\/b><br \/>  1. T\u00e9l\u00e9chargez et ex\u00e9cutez le logiciel GO-SCAN.ME<br \/>  2. Wait until you are asked Attendez qu&rsquo;il vous soit demand\u00e9 de brancher le scannerto plug in the scanner<br \/>  3. Branchez le scanner, il d\u00e9tectera automatiquement le port COM<br \/>  4. Pr\u00eat \u00e0 l\u2019utiliser!<\/p>\n<p><b>Windows 7<\/b><br \/>  1. T\u00e9l\u00e9chargez et ex\u00e9cutez le logiciel GO-SCAN.ME<br \/> 2. Le logiciel v\u00e9rifiera si vous avez install\u00e9 le framework .NET (<i>v.4.7+<\/i>). Sinon, il le t\u00e9l\u00e9chargera et l\u2019installera.<br \/>  3. Vous devez red\u00e9marrer votre ordinateur, puis installer le pilote du scanner:<br \/> t\u00e9l\u00e9chargez-le sur <a href=\"https:\/\/go-scan.me\/driver\">https:\/\/go-scan.me\/driver<\/a><br \/>  4. Ex\u00e9cutez \u00e0 nouveau le logiciel GO-SCAN.ME<br \/>  5. Attendez qu\u2019il vous soit demand\u00e9 de brancher le scanner<br \/>  6. Branchez le scanner, il d\u00e9tectera automatiquement le port COM<br \/>  7. Pr\u00eat \u00e0 l\u2019utiliser!<\/p>\n<p>[\/et_pb_text][\/et_pb_column][\/et_pb_row][\/et_pb_section]<\/p>\n","protected":false},"excerpt":{"rendered":"<p>Proc\u00e9dure d&rsquo;installation Windows 10 1. T\u00e9l\u00e9chargez et ex\u00e9cutez le logiciel GO-SCAN.ME 2. Wait until you are asked Attendez qu&rsquo;il vous soit demand\u00e9 de brancher le scannerto plug in the scanner 3. Branchez le scanner, il d\u00e9tectera automatiquement le port COM 4. Pr\u00eat \u00e0 l\u2019utiliser! Windows 7 1. T\u00e9l\u00e9chargez et ex\u00e9cutez le logiciel GO-SCAN.ME 2. Le [&hellip;]<\/p>\n","protected":false},"author":1,"featured_media":0,"parent":0,"menu_order":0,"comment_status":"closed","ping_status":"closed","template":"","meta":{"_et_pb_use_builder":"on","_et_pb_old_content":"","_et_gb_content_width":"","footnotes":""},"class_list":["post-187","page","type-page","status-publish","hentry"],"yoast_head":"<!-- This site is optimized with the Yoast SEO plugin v27.4 - https:\/\/yoast.com\/product\/yoast-seo-wordpress\/ -->\n<title>Proc\u00e9dure d&#039;installation - Go Scan Me<\/title>\n<meta name=\"robots\" content=\"index, follow, max-snippet:-1, max-image-preview:large, max-video-preview:-1\" \/>\n<link rel=\"canonical\" href=\"https:\/\/go-scan.me\/fr\/procedure-dinstallation\/\" \/>\n<meta property=\"og:locale\" content=\"fr_FR\" \/>\n<meta property=\"og:type\" content=\"article\" \/>\n<meta property=\"og:title\" content=\"Proc\u00e9dure d&#039;installation - Go Scan Me\" \/>\n<meta property=\"og:description\" content=\"Proc\u00e9dure d&#039;installation Windows 10 1. T\u00e9l\u00e9chargez et ex\u00e9cutez le logiciel GO-SCAN.ME 2. Wait until you are asked Attendez qu&#039;il vous soit demand\u00e9 de brancher le scannerto plug in the scanner 3. Branchez le scanner, il d\u00e9tectera automatiquement le port COM 4. Pr\u00eat \u00e0 l\u2019utiliser! Windows 7 1. T\u00e9l\u00e9chargez et ex\u00e9cutez le logiciel GO-SCAN.ME 2. Le [&hellip;]\" \/>\n<meta property=\"og:url\" content=\"https:\/\/go-scan.me\/fr\/procedure-dinstallation\/\" \/>\n<meta property=\"og:site_name\" content=\"Go Scan Me\" \/>\n<meta property=\"article:modified_time\" content=\"2020-10-06T09:06:27+00:00\" \/>\n<meta name=\"twitter:card\" content=\"summary_large_image\" \/>\n<meta name=\"twitter:label1\" content=\"Dur\u00e9e de lecture estim\u00e9e\" \/>\n\t<meta name=\"twitter:data1\" content=\"1 minute\" \/>\n<script type=\"application\/ld+json\" class=\"yoast-schema-graph\">{\"@context\":\"https:\\\/\\\/schema.org\",\"@graph\":[{\"@type\":\"WebPage\",\"@id\":\"https:\\\/\\\/go-scan.me\\\/fr\\\/procedure-dinstallation\\\/\",\"url\":\"https:\\\/\\\/go-scan.me\\\/fr\\\/procedure-dinstallation\\\/\",\"name\":\"Proc\u00e9dure d'installation - Go Scan Me\",\"isPartOf\":{\"@id\":\"https:\\\/\\\/go-scan.me\\\/fr\\\/#website\"},\"datePublished\":\"2020-10-06T09:06:25+00:00\",\"dateModified\":\"2020-10-06T09:06:27+00:00\",\"breadcrumb\":{\"@id\":\"https:\\\/\\\/go-scan.me\\\/fr\\\/procedure-dinstallation\\\/#breadcrumb\"},\"inLanguage\":\"fr-FR\",\"potentialAction\":[{\"@type\":\"ReadAction\",\"target\":[\"https:\\\/\\\/go-scan.me\\\/fr\\\/procedure-dinstallation\\\/\"]}]},{\"@type\":\"BreadcrumbList\",\"@id\":\"https:\\\/\\\/go-scan.me\\\/fr\\\/procedure-dinstallation\\\/#breadcrumb\",\"itemListElement\":[{\"@type\":\"ListItem\",\"position\":1,\"name\":\"Home\",\"item\":\"https:\\\/\\\/go-scan.me\\\/fr\\\/\"},{\"@type\":\"ListItem\",\"position\":2,\"name\":\"Proc\u00e9dure d&rsquo;installation\"}]},{\"@type\":\"WebSite\",\"@id\":\"https:\\\/\\\/go-scan.me\\\/fr\\\/#website\",\"url\":\"https:\\\/\\\/go-scan.me\\\/fr\\\/\",\"name\":\"GO-SCAN.ME | QR-Bill | QR-Fattura | QR-Facture | QR-Rechnung\",\"description\":\"Swiss QR Scanner, QR-Bill | QR-Fattura | QR-Facture | QR-Rechnung\",\"publisher\":{\"@id\":\"https:\\\/\\\/go-scan.me\\\/fr\\\/#organization\"},\"potentialAction\":[{\"@type\":\"SearchAction\",\"target\":{\"@type\":\"EntryPoint\",\"urlTemplate\":\"https:\\\/\\\/go-scan.me\\\/fr\\\/?s={search_term_string}\"},\"query-input\":{\"@type\":\"PropertyValueSpecification\",\"valueRequired\":true,\"valueName\":\"search_term_string\"}}],\"inLanguage\":\"fr-FR\"},{\"@type\":\"Organization\",\"@id\":\"https:\\\/\\\/go-scan.me\\\/fr\\\/#organization\",\"name\":\"GO-SCAN.ME - Swiss QR Scanner | QR-Bill | QR-Fattura | QR-Facture | QR-Rechnung\",\"url\":\"https:\\\/\\\/go-scan.me\\\/fr\\\/\",\"logo\":{\"@type\":\"ImageObject\",\"inLanguage\":\"fr-FR\",\"@id\":\"https:\\\/\\\/go-scan.me\\\/fr\\\/#\\\/schema\\\/logo\\\/image\\\/\",\"url\":\"https:\\\/\\\/go-scan.me\\\/wp-content\\\/uploads\\\/2020\\\/07\\\/QR-scanner-icon_300x300.png\",\"contentUrl\":\"https:\\\/\\\/go-scan.me\\\/wp-content\\\/uploads\\\/2020\\\/07\\\/QR-scanner-icon_300x300.png\",\"width\":300,\"height\":300,\"caption\":\"GO-SCAN.ME - Swiss QR Scanner | QR-Bill | QR-Fattura | QR-Facture | QR-Rechnung\"},\"image\":{\"@id\":\"https:\\\/\\\/go-scan.me\\\/fr\\\/#\\\/schema\\\/logo\\\/image\\\/\"}}]}<\/script>\n<!-- \/ Yoast SEO plugin. -->","yoast_head_json":{"title":"Proc\u00e9dure d'installation - Go Scan Me","robots":{"index":"index","follow":"follow","max-snippet":"max-snippet:-1","max-image-preview":"max-image-preview:large","max-video-preview":"max-video-preview:-1"},"canonical":"https:\/\/go-scan.me\/fr\/procedure-dinstallation\/","og_locale":"fr_FR","og_type":"article","og_title":"Proc\u00e9dure d'installation - Go Scan Me","og_description":"Proc\u00e9dure d'installation Windows 10 1. T\u00e9l\u00e9chargez et ex\u00e9cutez le logiciel GO-SCAN.ME 2. Wait until you are asked Attendez qu'il vous soit demand\u00e9 de brancher le scannerto plug in the scanner 3. Branchez le scanner, il d\u00e9tectera automatiquement le port COM 4. Pr\u00eat \u00e0 l\u2019utiliser! Windows 7 1. T\u00e9l\u00e9chargez et ex\u00e9cutez le logiciel GO-SCAN.ME 2. Le [&hellip;]","og_url":"https:\/\/go-scan.me\/fr\/procedure-dinstallation\/","og_site_name":"Go Scan Me","article_modified_time":"2020-10-06T09:06:27+00:00","twitter_card":"summary_large_image","twitter_misc":{"Dur\u00e9e de lecture estim\u00e9e":"1 minute"},"schema":{"@context":"https:\/\/schema.org","@graph":[{"@type":"WebPage","@id":"https:\/\/go-scan.me\/fr\/procedure-dinstallation\/","url":"https:\/\/go-scan.me\/fr\/procedure-dinstallation\/","name":"Proc\u00e9dure d'installation - Go Scan Me","isPartOf":{"@id":"https:\/\/go-scan.me\/fr\/#website"},"datePublished":"2020-10-06T09:06:25+00:00","dateModified":"2020-10-06T09:06:27+00:00","breadcrumb":{"@id":"https:\/\/go-scan.me\/fr\/procedure-dinstallation\/#breadcrumb"},"inLanguage":"fr-FR","potentialAction":[{"@type":"ReadAction","target":["https:\/\/go-scan.me\/fr\/procedure-dinstallation\/"]}]},{"@type":"BreadcrumbList","@id":"https:\/\/go-scan.me\/fr\/procedure-dinstallation\/#breadcrumb","itemListElement":[{"@type":"ListItem","position":1,"name":"Home","item":"https:\/\/go-scan.me\/fr\/"},{"@type":"ListItem","position":2,"name":"Proc\u00e9dure d&rsquo;installation"}]},{"@type":"WebSite","@id":"https:\/\/go-scan.me\/fr\/#website","url":"https:\/\/go-scan.me\/fr\/","name":"GO-SCAN.ME | QR-Bill | QR-Fattura | QR-Facture | QR-Rechnung","description":"Swiss QR Scanner, QR-Bill | QR-Fattura | QR-Facture | QR-Rechnung","publisher":{"@id":"https:\/\/go-scan.me\/fr\/#organization"},"potentialAction":[{"@type":"SearchAction","target":{"@type":"EntryPoint","urlTemplate":"https:\/\/go-scan.me\/fr\/?s={search_term_string}"},"query-input":{"@type":"PropertyValueSpecification","valueRequired":true,"valueName":"search_term_string"}}],"inLanguage":"fr-FR"},{"@type":"Organization","@id":"https:\/\/go-scan.me\/fr\/#organization","name":"GO-SCAN.ME - Swiss QR Scanner | QR-Bill | QR-Fattura | QR-Facture | QR-Rechnung","url":"https:\/\/go-scan.me\/fr\/","logo":{"@type":"ImageObject","inLanguage":"fr-FR","@id":"https:\/\/go-scan.me\/fr\/#\/schema\/logo\/image\/","url":"https:\/\/go-scan.me\/wp-content\/uploads\/2020\/07\/QR-scanner-icon_300x300.png","contentUrl":"https:\/\/go-scan.me\/wp-content\/uploads\/2020\/07\/QR-scanner-icon_300x300.png","width":300,"height":300,"caption":"GO-SCAN.ME - Swiss QR Scanner | QR-Bill | QR-Fattura | QR-Facture | QR-Rechnung"},"image":{"@id":"https:\/\/go-scan.me\/fr\/#\/schema\/logo\/image\/"}}]}},"_links":{"self":[{"href":"https:\/\/go-scan.me\/fr\/wp-json\/wp\/v2\/pages\/187","targetHints":{"allow":["GET"]}}],"collection":[{"href":"https:\/\/go-scan.me\/fr\/wp-json\/wp\/v2\/pages"}],"about":[{"href":"https:\/\/go-scan.me\/fr\/wp-json\/wp\/v2\/types\/page"}],"author":[{"embeddable":true,"href":"https:\/\/go-scan.me\/fr\/wp-json\/wp\/v2\/users\/1"}],"replies":[{"embeddable":true,"href":"https:\/\/go-scan.me\/fr\/wp-json\/wp\/v2\/comments?post=187"}],"version-history":[{"count":5,"href":"https:\/\/go-scan.me\/fr\/wp-json\/wp\/v2\/pages\/187\/revisions"}],"predecessor-version":[{"id":192,"href":"https:\/\/go-scan.me\/fr\/wp-json\/wp\/v2\/pages\/187\/revisions\/192"}],"wp:attachment":[{"href":"https:\/\/go-scan.me\/fr\/wp-json\/wp\/v2\/media?parent=187"}],"curies":[{"name":"wp","href":"https:\/\/api.w.org\/{rel}","templated":true}]}}