{"id":193,"date":"2020-10-06T11:08:32","date_gmt":"2020-10-06T09:08:32","guid":{"rendered":"https:\/\/go-scan.me\/installationsverfahren\/"},"modified":"2020-10-06T11:08:35","modified_gmt":"2020-10-06T09:08:35","slug":"installationsverfahren","status":"publish","type":"page","link":"https:\/\/go-scan.me\/de\/installationsverfahren\/","title":{"rendered":"Installationsverfahren"},"content":{"rendered":"<p>[et_pb_section fb_built=&#8220;1&#8243; _builder_version=&#8220;4.5.1&#8243; _module_preset=&#8220;default&#8220; background_color=&#8220;#f8fbfe&#8220; use_background_color_gradient=&#8220;on&#8220; background_color_gradient_start=&#8220;#53a0fd&#8220; background_color_gradient_end=&#8220;#4161d4&#8243; background_color_gradient_direction=&#8220;135deg&#8220; background_image=&#8220;https:\/\/go-scan.me\/wp-content\/uploads\/2020\/04\/geometric-bg-overlay-01.jpg&#8220; background_blend=&#8220;overlay&#8220; custom_padding=&#8220;3.1%|0px||0px||&#8220; animation_style=&#8220;zoom&#8220; animation_direction=&#8220;bottom&#8220; animation_intensity_zoom=&#8220;8%&#8220; animation_starting_opacity=&#8220;100%&#8220; box_shadow_style=&#8220;preset7&#8243; box_shadow_horizontal=&#8220;0px&#8220; box_shadow_vertical=&#8220;-200px&#8220; box_shadow_color=&#8220;#F8FBFE&#8220;][et_pb_row _builder_version=&#8220;4.5.1&#8243; _module_preset=&#8220;default&#8220; hover_enabled=&#8220;0&#8243;][et_pb_column type=&#8220;4_4&#8243; _builder_version=&#8220;4.5.1&#8243; _module_preset=&#8220;default&#8220; hover_enabled=&#8220;0&#8243; background_color=&#8220;rgba(255,255,255,0.81)&#8220; box_shadow_style=&#8220;preset1&#8243; custom_padding=&#8220;20px|20px|20px|20px|true|true&#8220;][et_pb_text _builder_version=&#8220;4.5.1&#8243; _module_preset=&#8220;default&#8220; hover_enabled=&#8220;0&#8243;]<\/p>\n<h2>Installationsverfahren<\/h2>\n<p><b>Windows 10<\/b><br \/>  1. Laden Sie die Software GO-SCAN.ME herunter und f\u00fchren Sie sie aus<br \/>  2. Warten Sie, bis Sie aufgefordert werden, den Scanner anzuschlie\u00dfen<br \/>  3. Schlie\u00dfen Sie den Scanner an, er erkennt automatisch den COM-Anschluss<br \/>  4. Gebrauchsfertig!<\/p>\n<p><b>Windows 7<\/b><br \/>  1. Laden Sie die Software GO-SCAN.ME herunter und f\u00fchren Sie sie aus<br \/> 2. Die Software pr\u00fcft, ob Sie das .NET Framework (<i>v.4.7+<\/i>) installiert haben. Wenn nicht, wird es heruntergeladen und installiert.<br \/>  3. Sie m\u00fcssen Ihren Computer neu starten und dann den Scannertreiber installieren:<br \/> Laden Sie es von <a href=\"https:\/\/go-scan.me\/driver\">https:\/\/go-scan.me\/driver<\/a> herunter<br \/>  4. F\u00fchren Sie die Software GO-SCAN.ME erneut aus<br \/>  5. Warten Sie, bis Sie aufgefordert werden, den Scanner anzuschlie\u00dfen<br \/>  6. Schlie\u00dfen Sie den Scanner an, er erkennt automatisch den COM-Anschluss<br \/>  7. Gebrauchsfertig!<\/p>\n<p>[\/et_pb_text][\/et_pb_column][\/et_pb_row][\/et_pb_section]<\/p>\n","protected":false},"excerpt":{"rendered":"<p>Installationsverfahren Windows 10 1. Laden Sie die Software GO-SCAN.ME herunter und f\u00fchren Sie sie aus 2. Warten Sie, bis Sie aufgefordert werden, den Scanner anzuschlie\u00dfen 3. Schlie\u00dfen Sie den Scanner an, er erkennt automatisch den COM-Anschluss 4. Gebrauchsfertig! Windows 7 1. Laden Sie die Software GO-SCAN.ME herunter und f\u00fchren Sie sie aus 2. Die Software [&hellip;]<\/p>\n","protected":false},"author":1,"featured_media":0,"parent":0,"menu_order":0,"comment_status":"closed","ping_status":"closed","template":"","meta":{"_et_pb_use_builder":"on","_et_pb_old_content":"","_et_gb_content_width":"","footnotes":""},"class_list":["post-193","page","type-page","status-publish","hentry"],"yoast_head":"<!-- This site is optimized with the Yoast SEO plugin v27.4 - https:\/\/yoast.com\/product\/yoast-seo-wordpress\/ -->\n<title>Installationsverfahren - Go Scan Me<\/title>\n<meta name=\"robots\" content=\"index, follow, max-snippet:-1, max-image-preview:large, max-video-preview:-1\" \/>\n<link rel=\"canonical\" href=\"https:\/\/go-scan.me\/de\/installationsverfahren\/\" \/>\n<meta property=\"og:locale\" content=\"de_DE\" \/>\n<meta property=\"og:type\" content=\"article\" \/>\n<meta property=\"og:title\" content=\"Installationsverfahren - Go Scan Me\" \/>\n<meta property=\"og:description\" content=\"Installationsverfahren Windows 10 1. Laden Sie die Software GO-SCAN.ME herunter und f\u00fchren Sie sie aus 2. Warten Sie, bis Sie aufgefordert werden, den Scanner anzuschlie\u00dfen 3. Schlie\u00dfen Sie den Scanner an, er erkennt automatisch den COM-Anschluss 4. Gebrauchsfertig! Windows 7 1. Laden Sie die Software GO-SCAN.ME herunter und f\u00fchren Sie sie aus 2. Die Software [&hellip;]\" \/>\n<meta property=\"og:url\" content=\"https:\/\/go-scan.me\/de\/installationsverfahren\/\" \/>\n<meta property=\"og:site_name\" content=\"Go Scan Me\" \/>\n<meta property=\"article:modified_time\" content=\"2020-10-06T09:08:35+00:00\" \/>\n<meta name=\"twitter:card\" content=\"summary_large_image\" \/>\n<meta name=\"twitter:label1\" content=\"Gesch\u00e4tzte Lesezeit\" \/>\n\t<meta name=\"twitter:data1\" content=\"1\u00a0Minute\" \/>\n<script type=\"application\/ld+json\" class=\"yoast-schema-graph\">{\"@context\":\"https:\\\/\\\/schema.org\",\"@graph\":[{\"@type\":\"WebPage\",\"@id\":\"https:\\\/\\\/go-scan.me\\\/de\\\/installationsverfahren\\\/\",\"url\":\"https:\\\/\\\/go-scan.me\\\/de\\\/installationsverfahren\\\/\",\"name\":\"Installationsverfahren - Go Scan Me\",\"isPartOf\":{\"@id\":\"https:\\\/\\\/go-scan.me\\\/de\\\/#website\"},\"datePublished\":\"2020-10-06T09:08:32+00:00\",\"dateModified\":\"2020-10-06T09:08:35+00:00\",\"breadcrumb\":{\"@id\":\"https:\\\/\\\/go-scan.me\\\/de\\\/installationsverfahren\\\/#breadcrumb\"},\"inLanguage\":\"de\",\"potentialAction\":[{\"@type\":\"ReadAction\",\"target\":[\"https:\\\/\\\/go-scan.me\\\/de\\\/installationsverfahren\\\/\"]}]},{\"@type\":\"BreadcrumbList\",\"@id\":\"https:\\\/\\\/go-scan.me\\\/de\\\/installationsverfahren\\\/#breadcrumb\",\"itemListElement\":[{\"@type\":\"ListItem\",\"position\":1,\"name\":\"Home\",\"item\":\"https:\\\/\\\/go-scan.me\\\/de\\\/\"},{\"@type\":\"ListItem\",\"position\":2,\"name\":\"Installationsverfahren\"}]},{\"@type\":\"WebSite\",\"@id\":\"https:\\\/\\\/go-scan.me\\\/de\\\/#website\",\"url\":\"https:\\\/\\\/go-scan.me\\\/de\\\/\",\"name\":\"GO-SCAN.ME | QR-Bill | QR-Fattura | QR-Facture | QR-Rechnung\",\"description\":\"Swiss QR Scanner, QR-Bill | QR-Fattura | QR-Facture | QR-Rechnung\",\"publisher\":{\"@id\":\"https:\\\/\\\/go-scan.me\\\/de\\\/#organization\"},\"potentialAction\":[{\"@type\":\"SearchAction\",\"target\":{\"@type\":\"EntryPoint\",\"urlTemplate\":\"https:\\\/\\\/go-scan.me\\\/de\\\/?s={search_term_string}\"},\"query-input\":{\"@type\":\"PropertyValueSpecification\",\"valueRequired\":true,\"valueName\":\"search_term_string\"}}],\"inLanguage\":\"de\"},{\"@type\":\"Organization\",\"@id\":\"https:\\\/\\\/go-scan.me\\\/de\\\/#organization\",\"name\":\"GO-SCAN.ME - Swiss QR Scanner | QR-Bill | QR-Fattura | QR-Facture | QR-Rechnung\",\"url\":\"https:\\\/\\\/go-scan.me\\\/de\\\/\",\"logo\":{\"@type\":\"ImageObject\",\"inLanguage\":\"de\",\"@id\":\"https:\\\/\\\/go-scan.me\\\/de\\\/#\\\/schema\\\/logo\\\/image\\\/\",\"url\":\"https:\\\/\\\/go-scan.me\\\/wp-content\\\/uploads\\\/2020\\\/07\\\/QR-scanner-icon_300x300.png\",\"contentUrl\":\"https:\\\/\\\/go-scan.me\\\/wp-content\\\/uploads\\\/2020\\\/07\\\/QR-scanner-icon_300x300.png\",\"width\":300,\"height\":300,\"caption\":\"GO-SCAN.ME - Swiss QR Scanner | QR-Bill | QR-Fattura | QR-Facture | QR-Rechnung\"},\"image\":{\"@id\":\"https:\\\/\\\/go-scan.me\\\/de\\\/#\\\/schema\\\/logo\\\/image\\\/\"}}]}<\/script>\n<!-- \/ Yoast SEO plugin. -->","yoast_head_json":{"title":"Installationsverfahren - Go Scan Me","robots":{"index":"index","follow":"follow","max-snippet":"max-snippet:-1","max-image-preview":"max-image-preview:large","max-video-preview":"max-video-preview:-1"},"canonical":"https:\/\/go-scan.me\/de\/installationsverfahren\/","og_locale":"de_DE","og_type":"article","og_title":"Installationsverfahren - Go Scan Me","og_description":"Installationsverfahren Windows 10 1. Laden Sie die Software GO-SCAN.ME herunter und f\u00fchren Sie sie aus 2. Warten Sie, bis Sie aufgefordert werden, den Scanner anzuschlie\u00dfen 3. Schlie\u00dfen Sie den Scanner an, er erkennt automatisch den COM-Anschluss 4. Gebrauchsfertig! Windows 7 1. Laden Sie die Software GO-SCAN.ME herunter und f\u00fchren Sie sie aus 2. Die Software [&hellip;]","og_url":"https:\/\/go-scan.me\/de\/installationsverfahren\/","og_site_name":"Go Scan Me","article_modified_time":"2020-10-06T09:08:35+00:00","twitter_card":"summary_large_image","twitter_misc":{"Gesch\u00e4tzte Lesezeit":"1\u00a0Minute"},"schema":{"@context":"https:\/\/schema.org","@graph":[{"@type":"WebPage","@id":"https:\/\/go-scan.me\/de\/installationsverfahren\/","url":"https:\/\/go-scan.me\/de\/installationsverfahren\/","name":"Installationsverfahren - Go Scan Me","isPartOf":{"@id":"https:\/\/go-scan.me\/de\/#website"},"datePublished":"2020-10-06T09:08:32+00:00","dateModified":"2020-10-06T09:08:35+00:00","breadcrumb":{"@id":"https:\/\/go-scan.me\/de\/installationsverfahren\/#breadcrumb"},"inLanguage":"de","potentialAction":[{"@type":"ReadAction","target":["https:\/\/go-scan.me\/de\/installationsverfahren\/"]}]},{"@type":"BreadcrumbList","@id":"https:\/\/go-scan.me\/de\/installationsverfahren\/#breadcrumb","itemListElement":[{"@type":"ListItem","position":1,"name":"Home","item":"https:\/\/go-scan.me\/de\/"},{"@type":"ListItem","position":2,"name":"Installationsverfahren"}]},{"@type":"WebSite","@id":"https:\/\/go-scan.me\/de\/#website","url":"https:\/\/go-scan.me\/de\/","name":"GO-SCAN.ME | QR-Bill | QR-Fattura | QR-Facture | QR-Rechnung","description":"Swiss QR Scanner, QR-Bill | QR-Fattura | QR-Facture | QR-Rechnung","publisher":{"@id":"https:\/\/go-scan.me\/de\/#organization"},"potentialAction":[{"@type":"SearchAction","target":{"@type":"EntryPoint","urlTemplate":"https:\/\/go-scan.me\/de\/?s={search_term_string}"},"query-input":{"@type":"PropertyValueSpecification","valueRequired":true,"valueName":"search_term_string"}}],"inLanguage":"de"},{"@type":"Organization","@id":"https:\/\/go-scan.me\/de\/#organization","name":"GO-SCAN.ME - Swiss QR Scanner | QR-Bill | QR-Fattura | QR-Facture | QR-Rechnung","url":"https:\/\/go-scan.me\/de\/","logo":{"@type":"ImageObject","inLanguage":"de","@id":"https:\/\/go-scan.me\/de\/#\/schema\/logo\/image\/","url":"https:\/\/go-scan.me\/wp-content\/uploads\/2020\/07\/QR-scanner-icon_300x300.png","contentUrl":"https:\/\/go-scan.me\/wp-content\/uploads\/2020\/07\/QR-scanner-icon_300x300.png","width":300,"height":300,"caption":"GO-SCAN.ME - Swiss QR Scanner | QR-Bill | QR-Fattura | QR-Facture | QR-Rechnung"},"image":{"@id":"https:\/\/go-scan.me\/de\/#\/schema\/logo\/image\/"}}]}},"_links":{"self":[{"href":"https:\/\/go-scan.me\/de\/wp-json\/wp\/v2\/pages\/193","targetHints":{"allow":["GET"]}}],"collection":[{"href":"https:\/\/go-scan.me\/de\/wp-json\/wp\/v2\/pages"}],"about":[{"href":"https:\/\/go-scan.me\/de\/wp-json\/wp\/v2\/types\/page"}],"author":[{"embeddable":true,"href":"https:\/\/go-scan.me\/de\/wp-json\/wp\/v2\/users\/1"}],"replies":[{"embeddable":true,"href":"https:\/\/go-scan.me\/de\/wp-json\/wp\/v2\/comments?post=193"}],"version-history":[{"count":7,"href":"https:\/\/go-scan.me\/de\/wp-json\/wp\/v2\/pages\/193\/revisions"}],"predecessor-version":[{"id":200,"href":"https:\/\/go-scan.me\/de\/wp-json\/wp\/v2\/pages\/193\/revisions\/200"}],"wp:attachment":[{"href":"https:\/\/go-scan.me\/de\/wp-json\/wp\/v2\/media?parent=193"}],"curies":[{"name":"wp","href":"https:\/\/api.w.org\/{rel}","templated":true}]}}